{"id":4012,"date":"2026-01-13T16:31:28","date_gmt":"2026-01-13T09:31:28","guid":{"rendered":"http:\/\/bvnguyentrai.org.vn\/?page_id=4012"},"modified":"2026-02-06T11:43:48","modified_gmt":"2026-02-06T04:43:48","slug":"huong-dan-chan-doan-va-dieu-tri","status":"publish","type":"page","link":"https:\/\/bvnguyentrai.org.vn\/en\/huong-dan-chan-doan-va-dieu-tri\/","title":{"rendered":"Guidelines for diagnosis and treatment"},"content":{"rendered":"","protected":false},"excerpt":{"rendered":"","protected":false},"author":1,"featured_media":0,"parent":0,"menu_order":0,"comment_status":"closed","ping_status":"closed","template":"page-internal-documents.php","meta":{"footnotes":""},"class_list":["post-4012","page","type-page","status-publish","hentry"],"blocksy_meta":[],"acf":[],"yoast_head":"<!-- This site is optimized with the Yoast SEO Premium plugin v20.9 (Yoast SEO v20.9) - https:\/\/yoast.com\/wordpress\/plugins\/seo\/ -->\n<title>H\u01b0\u1edbng d\u1eabn ch\u1ea9n \u0111o\u00e1n v\u00e0 \u0111i\u1ec1u tr\u1ecb - B\u1ec7nh vi\u1ec7n Nguy\u1ec5n Tr\u00e3i<\/title>\n<meta name=\"robots\" content=\"index, follow, max-snippet:-1, max-image-preview:large, max-video-preview:-1\" \/>\n<link rel=\"canonical\" href=\"https:\/\/bvnguyentrai.org.vn\/en\/huong-dan-chan-doan-va-dieu-tri\/\" \/>\n<meta property=\"og:locale\" content=\"en_US\" \/>\n<meta property=\"og:type\" content=\"article\" \/>\n<meta property=\"og:title\" content=\"H\u01b0\u1edbng d\u1eabn ch\u1ea9n \u0111o\u00e1n v\u00e0 \u0111i\u1ec1u tr\u1ecb\" \/>\n<meta property=\"og:url\" content=\"https:\/\/bvnguyentrai.org.vn\/en\/huong-dan-chan-doan-va-dieu-tri\/\" \/>\n<meta property=\"og:site_name\" content=\"B\u1ec7nh vi\u1ec7n Nguy\u1ec5n Tr\u00e3i\" \/>\n<meta property=\"article:modified_time\" content=\"2026-02-06T04:43:48+00:00\" \/>\n<meta name=\"twitter:card\" content=\"summary_large_image\" \/>\n<script type=\"application\/ld+json\" class=\"yoast-schema-graph\">{\"@context\":\"https:\/\/schema.org\",\"@graph\":[{\"@type\":\"WebPage\",\"@id\":\"https:\/\/bvnguyentrai.org.vn\/en\/huong-dan-chan-doan-va-dieu-tri\/\",\"url\":\"https:\/\/bvnguyentrai.org.vn\/en\/huong-dan-chan-doan-va-dieu-tri\/\",\"name\":\"H\u01b0\u1edbng d\u1eabn ch\u1ea9n \u0111o\u00e1n v\u00e0 \u0111i\u1ec1u tr\u1ecb - B\u1ec7nh vi\u1ec7n Nguy\u1ec5n Tr\u00e3i\",\"isPartOf\":{\"@id\":\"https:\/\/bvnguyentrai.org.vn\/#website\"},\"datePublished\":\"2026-01-13T09:31:28+00:00\",\"dateModified\":\"2026-02-06T04:43:48+00:00\",\"breadcrumb\":{\"@id\":\"https:\/\/bvnguyentrai.org.vn\/en\/huong-dan-chan-doan-va-dieu-tri\/#breadcrumb\"},\"inLanguage\":\"en-US\",\"potentialAction\":[{\"@type\":\"ReadAction\",\"target\":[\"https:\/\/bvnguyentrai.org.vn\/en\/huong-dan-chan-doan-va-dieu-tri\/\"]}]},{\"@type\":\"BreadcrumbList\",\"@id\":\"https:\/\/bvnguyentrai.org.vn\/en\/huong-dan-chan-doan-va-dieu-tri\/#breadcrumb\",\"itemListElement\":[{\"@type\":\"ListItem\",\"position\":1,\"name\":\"Home\",\"item\":\"https:\/\/bvnguyentrai.org.vn\/\"},{\"@type\":\"ListItem\",\"position\":2,\"name\":\"H\u01b0\u1edbng d\u1eabn ch\u1ea9n \u0111o\u00e1n v\u00e0 \u0111i\u1ec1u tr\u1ecb\"}]},{\"@type\":\"WebSite\",\"@id\":\"https:\/\/bvnguyentrai.org.vn\/#website\",\"url\":\"https:\/\/bvnguyentrai.org.vn\/\",\"name\":\"B\u1ec7nh vi\u1ec7n Nguy\u1ec5n Tr\u00e3i\",\"description\":\"\",\"publisher\":{\"@id\":\"https:\/\/bvnguyentrai.org.vn\/#organization\"},\"potentialAction\":[{\"@type\":\"SearchAction\",\"target\":{\"@type\":\"EntryPoint\",\"urlTemplate\":\"https:\/\/bvnguyentrai.org.vn\/?s={search_term_string}\"},\"query-input\":\"required name=search_term_string\"}],\"inLanguage\":\"en-US\"},{\"@type\":\"Organization\",\"@id\":\"https:\/\/bvnguyentrai.org.vn\/#organization\",\"name\":\"B\u1ec7nh vi\u1ec7n Nguy\u1ec5n Tr\u00e3i\",\"url\":\"https:\/\/bvnguyentrai.org.vn\/\",\"logo\":{\"@type\":\"ImageObject\",\"inLanguage\":\"en-US\",\"@id\":\"https:\/\/bvnguyentrai.org.vn\/#\/schema\/logo\/image\/\",\"url\":\"https:\/\/bvnguyentrai.org.vn\/wp-content\/uploads\/2025\/12\/logo_bv-e1766206654320.png\",\"contentUrl\":\"https:\/\/bvnguyentrai.org.vn\/wp-content\/uploads\/2025\/12\/logo_bv-e1766206654320.png\",\"width\":1210,\"height\":352,\"caption\":\"B\u1ec7nh vi\u1ec7n Nguy\u1ec5n Tr\u00e3i\"},\"image\":{\"@id\":\"https:\/\/bvnguyentrai.org.vn\/#\/schema\/logo\/image\/\"}}]}<\/script>\n<!-- \/ Yoast SEO Premium plugin. -->","yoast_head_json":{"title":"H\u01b0\u1edbng d\u1eabn ch\u1ea9n \u0111o\u00e1n v\u00e0 \u0111i\u1ec1u tr\u1ecb - B\u1ec7nh vi\u1ec7n Nguy\u1ec5n Tr\u00e3i","robots":{"index":"index","follow":"follow","max-snippet":"max-snippet:-1","max-image-preview":"max-image-preview:large","max-video-preview":"max-video-preview:-1"},"canonical":"https:\/\/bvnguyentrai.org.vn\/en\/huong-dan-chan-doan-va-dieu-tri\/","og_locale":"en_US","og_type":"article","og_title":"H\u01b0\u1edbng d\u1eabn ch\u1ea9n \u0111o\u00e1n v\u00e0 \u0111i\u1ec1u tr\u1ecb","og_url":"https:\/\/bvnguyentrai.org.vn\/en\/huong-dan-chan-doan-va-dieu-tri\/","og_site_name":"B\u1ec7nh vi\u1ec7n Nguy\u1ec5n Tr\u00e3i","article_modified_time":"2026-02-06T04:43:48+00:00","twitter_card":"summary_large_image","schema":{"@context":"https:\/\/schema.org","@graph":[{"@type":"WebPage","@id":"https:\/\/bvnguyentrai.org.vn\/en\/huong-dan-chan-doan-va-dieu-tri\/","url":"https:\/\/bvnguyentrai.org.vn\/en\/huong-dan-chan-doan-va-dieu-tri\/","name":"H\u01b0\u1edbng d\u1eabn ch\u1ea9n \u0111o\u00e1n v\u00e0 \u0111i\u1ec1u tr\u1ecb - B\u1ec7nh vi\u1ec7n Nguy\u1ec5n Tr\u00e3i","isPartOf":{"@id":"https:\/\/bvnguyentrai.org.vn\/#website"},"datePublished":"2026-01-13T09:31:28+00:00","dateModified":"2026-02-06T04:43:48+00:00","breadcrumb":{"@id":"https:\/\/bvnguyentrai.org.vn\/en\/huong-dan-chan-doan-va-dieu-tri\/#breadcrumb"},"inLanguage":"en-US","potentialAction":[{"@type":"ReadAction","target":["https:\/\/bvnguyentrai.org.vn\/en\/huong-dan-chan-doan-va-dieu-tri\/"]}]},{"@type":"BreadcrumbList","@id":"https:\/\/bvnguyentrai.org.vn\/en\/huong-dan-chan-doan-va-dieu-tri\/#breadcrumb","itemListElement":[{"@type":"ListItem","position":1,"name":"Home","item":"https:\/\/bvnguyentrai.org.vn\/"},{"@type":"ListItem","position":2,"name":"H\u01b0\u1edbng d\u1eabn ch\u1ea9n \u0111o\u00e1n v\u00e0 \u0111i\u1ec1u tr\u1ecb"}]},{"@type":"WebSite","@id":"https:\/\/bvnguyentrai.org.vn\/#website","url":"https:\/\/bvnguyentrai.org.vn\/","name":"B\u1ec7nh vi\u1ec7n Nguy\u1ec5n Tr\u00e3i","description":"","publisher":{"@id":"https:\/\/bvnguyentrai.org.vn\/#organization"},"potentialAction":[{"@type":"SearchAction","target":{"@type":"EntryPoint","urlTemplate":"https:\/\/bvnguyentrai.org.vn\/?s={search_term_string}"},"query-input":"required name=search_term_string"}],"inLanguage":"en-US"},{"@type":"Organization","@id":"https:\/\/bvnguyentrai.org.vn\/#organization","name":"B\u1ec7nh vi\u1ec7n Nguy\u1ec5n Tr\u00e3i","url":"https:\/\/bvnguyentrai.org.vn\/","logo":{"@type":"ImageObject","inLanguage":"en-US","@id":"https:\/\/bvnguyentrai.org.vn\/#\/schema\/logo\/image\/","url":"https:\/\/bvnguyentrai.org.vn\/wp-content\/uploads\/2025\/12\/logo_bv-e1766206654320.png","contentUrl":"https:\/\/bvnguyentrai.org.vn\/wp-content\/uploads\/2025\/12\/logo_bv-e1766206654320.png","width":1210,"height":352,"caption":"B\u1ec7nh vi\u1ec7n Nguy\u1ec5n Tr\u00e3i"},"image":{"@id":"https:\/\/bvnguyentrai.org.vn\/#\/schema\/logo\/image\/"}}]}},"_links":{"self":[{"href":"https:\/\/bvnguyentrai.org.vn\/en\/wp-json\/wp\/v2\/pages\/4012","targetHints":{"allow":["GET"]}}],"collection":[{"href":"https:\/\/bvnguyentrai.org.vn\/en\/wp-json\/wp\/v2\/pages"}],"about":[{"href":"https:\/\/bvnguyentrai.org.vn\/en\/wp-json\/wp\/v2\/types\/page"}],"author":[{"embeddable":true,"href":"https:\/\/bvnguyentrai.org.vn\/en\/wp-json\/wp\/v2\/users\/1"}],"replies":[{"embeddable":true,"href":"https:\/\/bvnguyentrai.org.vn\/en\/wp-json\/wp\/v2\/comments?post=4012"}],"version-history":[{"count":6,"href":"https:\/\/bvnguyentrai.org.vn\/en\/wp-json\/wp\/v2\/pages\/4012\/revisions"}],"predecessor-version":[{"id":4809,"href":"https:\/\/bvnguyentrai.org.vn\/en\/wp-json\/wp\/v2\/pages\/4012\/revisions\/4809"}],"wp:attachment":[{"href":"https:\/\/bvnguyentrai.org.vn\/en\/wp-json\/wp\/v2\/media?parent=4012"}],"curies":[{"name":"wp","href":"https:\/\/api.w.org\/{rel}","templated":true}]}}